{"id":3,"date":"2024-01-15T13:59:42","date_gmt":"2024-01-15T12:59:42","guid":{"rendered":"http:\/\/laurencevotreassistante.fr\/?page_id=3"},"modified":"2024-01-15T15:08:52","modified_gmt":"2024-01-15T14:08:52","slug":"politique-de-confidentialite","status":"publish","type":"page","link":"https:\/\/laurencevotreassistante.fr\/index.php\/politique-de-confidentialite\/","title":{"rendered":"Mentions l\u00e9gales \/ Politique de confidentialit\u00e9"},"content":{"rendered":"\n<p>1)&nbsp;OBJET&nbsp;:<\/p>\n\n\n\n<p>\u200b<\/p>\n\n\n\n<p>Les conditions g\u00e9n\u00e9rales de vente d\u00e9crites ci-apr\u00e8s d\u00e9taillent les droits et obligations<\/p>\n\n\n\n<p>entre&nbsp;:<\/p>\n\n\n\n<p><strong>Laurence votre assistante<\/strong>, repr\u00e9sent\u00e9e par Laurence NICLI \u2013 50 route de la Chaise 333450 MONTUSSAN<\/p>\n\n\n\n<p>Et<\/p>\n\n\n\n<p>Ses clients, professionnels ou particuliers.<\/p>\n\n\n\n<p>Toute prestation accomplie par&nbsp;<strong>Laurence votre assistante<\/strong>&nbsp;implique l\u2019adh\u00e9sion sans r\u00e9serve de l\u2019acheteur aux pr\u00e9sentes Conditions G\u00e9n\u00e9rales de Vente.<\/p>\n\n\n\n<p><strong>Laurence votre assistante<\/strong><strong>&nbsp;propose des services d&rsquo;aide aux d\u00e9marches administratives, commerciales, aux professionnels (<\/strong><strong>artisan, profession&nbsp;lib\u00e9rale, commer\u00e7ant, professionnel de sant\u00e9 plus largement TPE ou PME)<\/strong><strong>&nbsp;et aux particuliers, pour un besoin ponctuel ou r\u00e9gulier.<\/strong><strong><\/strong><\/p>\n\n\n\n<p><em>\u200b<\/em><\/p>\n\n\n\n<p>Toute acceptation du devis par le client entra\u00eene l&rsquo;acceptation compl\u00e8te des pr\u00e9sentes conditions g\u00e9n\u00e9rales de vente.<\/p>\n\n\n\n<p>\u200b<\/p>\n\n\n\n<p>2)&nbsp;LIEUX&nbsp;:<\/p>\n\n\n\n<p>\u200b<\/p>\n\n\n\n<p>Les prestations sont r\u00e9alisables :<\/p>\n\n\n\n<ul class=\"wp-block-list\">\n<li>soit dans les locaux du client, avec son mat\u00e9riel informatique (sauf demande explicite du client),<\/li>\n\n\n\n<li>soit dans les locaux de l&rsquo;entreprise&nbsp;<strong>Laurence votre assistante<\/strong>.<\/li>\n<\/ul>\n\n\n\n<p>\u200b<\/p>\n\n\n\n<p>3)&nbsp;TARIFS&nbsp;:<\/p>\n\n\n\n<p>\u200b<\/p>\n\n\n\n<p><strong>Laurence votre assistante<\/strong>&nbsp;est une micro-entreprise non soumise \u00e0 la TVA (article 293B du CGI).<\/p>\n\n\n\n<p>Les tarifs appliqu\u00e9s sont ceux en vigueur au jour de la prise de commande (signature du devis).<\/p>\n\n\n\n<p>Les prix peuvent \u00eatre calcul\u00e9s \u00e0 l\u2019heure, au forfait ou \u00e0 la carte.&nbsp;<\/p>\n\n\n\n<p>Les tarifs sont modifiables au 1er janvier de chaque ann\u00e9e, n\u00e9anmoins la facturation sera conforme au prix indiqu\u00e9 lors de la signature du devis.<\/p>\n\n\n\n<p>\u200b<\/p>\n\n\n\n<p>4)&nbsp;PAIEMENT&nbsp;:<\/p>\n\n\n\n<p>\u200b<\/p>\n\n\n\n<p>Les prestations r\u00e9alis\u00e9es sont \u00e0 r\u00e9gler \u00e0 Laurence NICLI par virement bancaire, esp\u00e8ces ou ch\u00e8que.<\/p>\n\n\n\n<p><em>Pour les prestations ponctuelles<\/em>, la facture est adress\u00e9e \u00e0 la fin de la mission et est \u00e0 r\u00e9gler d\u00e8s r\u00e9ception.<\/p>\n\n\n\n<p><em>Pour les prestations r\u00e9guli\u00e8res<\/em>, la facture est envoy\u00e9e en fin de mois et est \u00e0 r\u00e9gler d\u00e8s r\u00e9ception.<\/p>\n\n\n\n<p>En cas d\u2019annulation de la commande en cours par le client, pour quelque raison que ce soit, une somme correspondant au temps pass\u00e9 pour la partie de la prestation d\u00e9j\u00e0 r\u00e9alis\u00e9e sera exig\u00e9e par<strong>&nbsp;Laurence votre assistante<\/strong>, \u00e0 titre de dommages et int\u00e9r\u00eats.<\/p>\n\n\n\n<p>\u200b<\/p>\n\n\n\n<p>5)&nbsp;RETARD DE PAIEMENT&nbsp;:&nbsp;<\/p>\n\n\n\n<p>\u200b<\/p>\n\n\n\n<p>Pas d&rsquo;escompte pour paiement anticip\u00e9.<\/p>\n\n\n\n<p>En cas de retard du r\u00e8glement, des p\u00e9nalit\u00e9s de 10 % seront appliqu\u00e9es sur les montants restants dus.<\/p>\n\n\n\n<p>Une indemnit\u00e9 forfaitaire de 40 \u20ac pourra \u00eatre due au titre des frais de recouvrement en cas de retard de paiement.<\/p>\n\n\n\n<p>\u200b<\/p>\n\n\n\n<p>6)&nbsp;PRESTATIONS&nbsp;:&nbsp;<\/p>\n\n\n\n<p>\u200b<\/p>\n\n\n\n<p><strong>Laurence votre assistante<\/strong>&nbsp;s&rsquo;engage \u00e0 assurer les prestations de services demand\u00e9es par le client, sur site ou \u00e0 distance, et \u00e0 lui restituer les travaux effectu\u00e9s par l&rsquo;un des moyens choisis.<\/p>\n\n\n\n<p>Toute demande de prestations donnera lieu \u00e0 un devis o\u00f9 le client sera inform\u00e9 &nbsp;du d\u00e9tail des prestations, du lieu, du moyen de remise des travaux, du tarif des prestations et des \u00e9ventuels frais de d\u00e9placements et d&rsquo;exp\u00e9dition.<\/p>\n\n\n\n<p>Toute modification du devis initial fera l&rsquo;objet d&rsquo;un avenant au devis.<\/p>\n\n\n\n<p>Les ventes de prestations ne sont conclues qu&rsquo;apr\u00e8s acceptation d&rsquo;un devis et des conditions g\u00e9n\u00e9rales de vente par le client, devis que le client devra retourner dat\u00e9 et sign\u00e9 portant la mention \u00ab\u00a0bon pour accord\u00a0\u00bb apr\u00e8s acceptation.<\/p>\n\n\n\n<p>\u200b<\/p>\n\n\n\n<p>7)&nbsp;LIVRAISON&nbsp;:<\/p>\n\n\n\n<p>\u200b<\/p>\n\n\n\n<p>Les prestations command\u00e9es seront r\u00e9alis\u00e9es dans un d\u00e9lai d\u00e9fini entre les deux parties, en tenant compte de la disponibilit\u00e9 de&nbsp;<strong>Laurence votre assistante<\/strong>&nbsp;et de la demande du client. Le d\u00e9lai de livraison est donn\u00e9 \u00e0 titre indicatif.<\/p>\n\n\n\n<p><br>Tout retard raisonnable dans l\u2019ex\u00e9cution de la prestation ne pourra pas donner lieu au profit du client :&nbsp;<\/p>\n\n\n\n<ul class=\"wp-block-list\">\n<li>au versement de dommages et int\u00e9r\u00eats.<\/li>\n\n\n\n<li>\u00e0 l\u2019annulation de la commande.<\/li>\n<\/ul>\n\n\n\n<p>\u200b<\/p>\n\n\n\n<p>La date \u00e0 retenir est celle du cachet de la poste. Le choix du transport par voie postale et les risques induits sont support\u00e9s en totalit\u00e9 par le client, y compris en cas de colis manquant ou d\u00e9t\u00e9rior\u00e9 lors de l&rsquo;acheminement postal.<\/p>\n\n\n\n<p>\u200b<\/p>\n\n\n\n<p>Le travail r\u00e9alis\u00e9 est remis :<\/p>\n\n\n\n<ul class=\"wp-block-list\">\n<li>soit directement au client,<\/li>\n\n\n\n<li>soit par courrier \u00e9lectronique \u00e0 l&rsquo;attention du client,<\/li>\n\n\n\n<li>soit par envoi postal (frais d&rsquo;exp\u00e9dition \u00e0 la charge du client)<\/li>\n<\/ul>\n\n\n\n<p>\u200b<\/p>\n\n\n\n<p>8)&nbsp;FORCE MAJEURE&nbsp;:&nbsp;<\/p>\n\n\n\n<p>\u200b<\/p>\n\n\n\n<p>La responsabilit\u00e9 de&nbsp;<strong>Laurence votre assistante<\/strong>&nbsp;ne pourra pas \u00eatre mise en&nbsp;\u0153uvre&nbsp;si la non-ex\u00e9cution ou le retard dans l&rsquo;ex\u00e9cution de l&rsquo;une de ses obligations d\u00e9crites dans les pr\u00e9sentes conditions g\u00e9n\u00e9rales de vente d\u00e9coule d&rsquo;un cas de force majeure. \u00c0 ce titre, la force majeure s&rsquo;entend de tout \u00e9v\u00e9nement ext\u00e9rieur, impr\u00e9visible et irr\u00e9sistible au sens de l&rsquo;article 1148 du Code civil.<\/p>\n\n\n\n<p>\u200b<\/p>\n\n\n\n<p>9)&nbsp;RESPONSABILITE&nbsp;:&nbsp;<\/p>\n\n\n\n<p>\u200b<\/p>\n\n\n\n<p><strong>Laurence votre assistante&nbsp;<\/strong>mettra en \u0153uvre tous les moyens n\u00e9cessaires mis \u00e0 sa disposition pour prendre soin et pr\u00e9server les fichiers informatiques et autres documents qui lui seront confi\u00e9s par le client pour la r\u00e9alisation de la prestation command\u00e9e. Toutefois, compte tenu des risques de dommage ou de d\u00e9t\u00e9rioration encourus par ce type de support, il appartiendra au client de s\u2019en pr\u00e9munir par tous moyens \u00e0 sa convenance,<\/p>\n\n\n\n<p>\u200b<\/p>\n\n\n\n<p>10)&nbsp;CONTENU DES DOCUMENTS ET CONFIDENTIALITE&nbsp;:<\/p>\n\n\n\n<p>\u200b<\/p>\n\n\n\n<p>Pour l&rsquo;ex\u00e9cution de toutes les prestations,&nbsp;<strong>Laurence votre assistante&nbsp;<\/strong>s&rsquo;engage \u00e0 fournir un travail soign\u00e9 et \u00e0 prot\u00e9ger les donn\u00e9es et fichiers informatiques de ses clients. Toutefois, compte tenu du risque de dommages et\/ou d\u00e9t\u00e9riorations encourus par ce type de support, il appartient au client de s&rsquo;en pr\u00e9munir par tous les moyens mis \u00e0 sa disposition.<\/p>\n\n\n\n<p><br>Chaque partie s&rsquo;engage mutuellement \u00e0 un devoir de confidentialit\u00e9 : les donn\u00e9es, informations et documents partag\u00e9s lors de la prestation ne sauraient \u00eatre divulgu\u00e9s par les parties en pr\u00e9sence.<\/p>\n\n\n\n<p>\u200b<\/p>\n\n\n\n<p>11&nbsp;TRAITEMENT DES DONNEES A CARACTERE PERSONNEL&nbsp;:&nbsp;<\/p>\n\n\n\n<p>\u200b<\/p>\n\n\n\n<p>En application de la loi n\u00b078-17 du 6 janvier 1978, il est rappel\u00e9 que les donn\u00e9es nominatives qui sont demand\u00e9es au client sont n\u00e9cessaires au traitement de sa commande et sont destin\u00e9es \u00e0 un usage interne par&nbsp;<strong>Laurence votre assistante<\/strong>. Le client dispose donc d&rsquo;un droit d&rsquo;acc\u00e8s, de modification, de rectification et de suppression des donn\u00e9es qui le concernent dans les d\u00e9lais pr\u00e9vus par la loi et la r\u00e9glementation en vigueur.<\/p>\n\n\n\n<p>\u200b<\/p>\n\n\n\n<p>12)&nbsp;DROIT APPLICABLE&nbsp;:<\/p>\n\n\n\n<p>\u200b<\/p>\n\n\n\n<p>Tout litige relatif \u00e0 l&rsquo;interpr\u00e9tation et \u00e0 l&rsquo;ex\u00e9cution des pr\u00e9sentes conditions g\u00e9n\u00e9rales de vente est soumis au droit fran\u00e7ais.<\/p>\n\n\n\n<p>\u00c0 d\u00e9faut de r\u00e9solution amiable, le litige sera port\u00e9 devant le Tribunal de commerce de Niort.<\/p>\n","protected":false},"excerpt":{"rendered":"<p>1)&nbsp;OBJET&nbsp;: \u200b Les conditions g\u00e9n\u00e9rales de vente d\u00e9crites ci-apr\u00e8s d\u00e9taillent les droits et obligations entre&nbsp;: Laurence votre assistante, repr\u00e9sent\u00e9e par Laurence NICLI \u2013 50 route de la Chaise 333450 MONTUSSAN Et Ses clients, professionnels ou particuliers. Toute prestation accomplie par&nbsp;Laurence votre assistante&nbsp;implique l\u2019adh\u00e9sion sans r\u00e9serve de l\u2019acheteur aux pr\u00e9sentes Conditions G\u00e9n\u00e9rales de Vente. Laurence votre [&hellip;]<\/p>\n","protected":false},"author":2,"featured_media":0,"parent":0,"menu_order":0,"comment_status":"closed","ping_status":"open","template":"","meta":{"_et_pb_use_builder":"","_et_pb_old_content":"","_et_gb_content_width":"","footnotes":""},"class_list":["post-3","page","type-page","status-publish","hentry"],"_links":{"self":[{"href":"https:\/\/laurencevotreassistante.fr\/index.php\/wp-json\/wp\/v2\/pages\/3","targetHints":{"allow":["GET"]}}],"collection":[{"href":"https:\/\/laurencevotreassistante.fr\/index.php\/wp-json\/wp\/v2\/pages"}],"about":[{"href":"https:\/\/laurencevotreassistante.fr\/index.php\/wp-json\/wp\/v2\/types\/page"}],"author":[{"embeddable":true,"href":"https:\/\/laurencevotreassistante.fr\/index.php\/wp-json\/wp\/v2\/users\/2"}],"replies":[{"embeddable":true,"href":"https:\/\/laurencevotreassistante.fr\/index.php\/wp-json\/wp\/v2\/comments?post=3"}],"version-history":[{"count":1,"href":"https:\/\/laurencevotreassistante.fr\/index.php\/wp-json\/wp\/v2\/pages\/3\/revisions"}],"predecessor-version":[{"id":68,"href":"https:\/\/laurencevotreassistante.fr\/index.php\/wp-json\/wp\/v2\/pages\/3\/revisions\/68"}],"wp:attachment":[{"href":"https:\/\/laurencevotreassistante.fr\/index.php\/wp-json\/wp\/v2\/media?parent=3"}],"curies":[{"name":"wp","href":"https:\/\/api.w.org\/{rel}","templated":true}]}}