{"id":83,"date":"2024-01-15T15:39:49","date_gmt":"2024-01-15T14:39:49","guid":{"rendered":"https:\/\/laurencevotreassistante.fr\/?page_id=83"},"modified":"2026-02-05T18:30:11","modified_gmt":"2026-02-05T17:30:11","slug":"mon-profil","status":"publish","type":"page","link":"https:\/\/laurencevotreassistante.fr\/index.php\/mon-profil\/","title":{"rendered":"Mon profil"},"content":{"rendered":"<p>[et_pb_section fb_built=\u00a0\u00bb1&Prime; custom_padding_last_edited=\u00a0\u00bbon|tablet\u00a0\u00bb admin_label=\u00a0\u00bbAbout\u00a0\u00bb _builder_version=\u00a0\u00bb4.23.4&Prime; _module_preset=\u00a0\u00bbdefault\u00a0\u00bb background_color=\u00a0\u00bb#FFFFFF\u00a0\u00bb background_enable_color=\u00a0\u00bboff\u00a0\u00bb background_enable_image=\u00a0\u00bboff\u00a0\u00bb background_enable_pattern_style=\u00a0\u00bbon\u00a0\u00bb background_pattern_style=\u00a0\u00bbdiagonal-stripes-2&Prime; background_pattern_color=\u00a0\u00bbrgba(224,149,0,0.2)\u00a0\u00bb background_pattern_transform=\u00a0\u00bbflip_horizontal\u00a0\u00bb custom_padding=\u00a0\u00bb6vw||0px||false|false\u00a0\u00bb custom_padding_tablet=\u00a0\u00bb10vw||0px||false|false\u00a0\u00bb custom_padding_phone=\u00a0\u00bb\u00a0\u00bb global_colors_info=\u00a0\u00bb{%22gcid-f6fcb6e8-4014-4f14-b98a-b6379b276484%22:%91%93}\u00a0\u00bb][et_pb_row _builder_version=\u00a0\u00bb4.23.4&Prime; _module_preset=\u00a0\u00bbdefault\u00a0\u00bb global_colors_info=\u00a0\u00bb{}\u00a0\u00bb][et_pb_column type=\u00a0\u00bb4_4&Prime; _builder_version=\u00a0\u00bb4.16&Prime; _module_preset=\u00a0\u00bbdefault\u00a0\u00bb global_colors_info=\u00a0\u00bb{}\u00a0\u00bb][et_pb_text _builder_version=\u00a0\u00bb4.23.4&Prime; _module_preset=\u00a0\u00bbf8d684f2-7dea-446a-90ca-3def9e1f7ce8&Prime; header_2_font=\u00a0\u00bbRoboto|300|||||||\u00a0\u00bb header_2_font_size=\u00a0\u00bb56px\u00a0\u00bb header_2_line_height=\u00a0\u00bb1.2em\u00a0\u00bb custom_margin=\u00a0\u00bb||10px||false|false\u00a0\u00bb header_2_font_tablet=\u00a0\u00bb\u00a0\u00bb header_2_font_phone=\u00a0\u00bbRoboto|500|||||||\u00a0\u00bb header_2_font_last_edited=\u00a0\u00bbon|tablet\u00a0\u00bb header_2_font_size_tablet=\u00a0\u00bb32px\u00a0\u00bb header_2_font_size_phone=\u00a0\u00bb20px\u00a0\u00bb header_2_font_size_last_edited=\u00a0\u00bbon|phone\u00a0\u00bb border_radii=\u00a0\u00bbon|30px|30px|30px|30px\u00a0\u00bb border_width_all=\u00a0\u00bb3px\u00a0\u00bb border_color_all=\u00a0\u00bb#f87200&Prime; box_shadow_style=\u00a0\u00bbpreset4&Prime; box_shadow_color=\u00a0\u00bb#f87200&Prime; locked=\u00a0\u00bboff\u00a0\u00bb global_colors_info=\u00a0\u00bb{}\u00a0\u00bb]<\/p>\n<h2 style=\"text-align: center;\"><span style=\"color: #ff6600;\">MON PROFIL<\/span><\/h2>\n<p>[\/et_pb_text][\/et_pb_column][\/et_pb_row][et_pb_row _builder_version=\u00a0\u00bb4.23.4&Prime; _module_preset=\u00a0\u00bbdefault\u00a0\u00bb global_colors_info=\u00a0\u00bb{}\u00a0\u00bb][et_pb_column type=\u00a0\u00bb4_4&Prime; _builder_version=\u00a0\u00bb4.23.4&Prime; _module_preset=\u00a0\u00bbdefault\u00a0\u00bb background_color=\u00a0\u00bb#F87200&Prime; custom_padding=\u00a0\u00bb60px|30px|60px|30px|true|true\u00a0\u00bb custom_padding_tablet=\u00a0\u00bb30px||30px||true|true\u00a0\u00bb custom_padding_phone=\u00a0\u00bb|20px||20px|true|true\u00a0\u00bb custom_padding_last_edited=\u00a0\u00bbon|desktop\u00a0\u00bb border_radii=\u00a0\u00bbon|30px|30px|30px|30px\u00a0\u00bb global_colors_info=\u00a0\u00bb{}\u00a0\u00bb][et_pb_blurb icon_placement=\u00a0\u00bbleft\u00a0\u00bb image_icon_width=\u00a0\u00bb38px\u00a0\u00bb content_max_width=\u00a0\u00bb924px\u00a0\u00bb _builder_version=\u00a0\u00bb4.23.4&Prime; _module_preset=\u00a0\u00bb0d5627a7-98c6-4a9c-9b7f-89f8db2a798d\u00a0\u00bb header_font=\u00a0\u00bbRoboto|500|||||||\u00a0\u00bb header_text_color=\u00a0\u00bb#FFFFFF\u00a0\u00bb header_font_size=\u00a0\u00bb22px\u00a0\u00bb body_font=\u00a0\u00bb||||||||\u00a0\u00bb body_text_color=\u00a0\u00bb#FFFFFF\u00a0\u00bb text_orientation=\u00a0\u00bbjustified\u00a0\u00bb custom_margin=\u00a0\u00bb||37px||false|false\u00a0\u00bb animation=\u00a0\u00bboff\u00a0\u00bb hover_enabled=\u00a0\u00bb0&Prime; header_font_size_tablet=\u00a0\u00bb22px\u00a0\u00bb header_font_size_phone=\u00a0\u00bb16px\u00a0\u00bb header_font_size_last_edited=\u00a0\u00bbon|phone\u00a0\u00bb image_max_width=\u00a0\u00bb38px\u00a0\u00bb locked=\u00a0\u00bboff\u00a0\u00bb global_colors_info=\u00a0\u00bb{}\u00a0\u00bb sticky_enabled=\u00a0\u00bb0&Prime;]<\/p>\n<p style=\"text-align: justify;\">Apr\u00e8s 33 ans d\u2019exp\u00e9rience comme assistante et secr\u00e9taire, dont 15 ans dans un organisme de formation et 18 ans dans le b\u00e2timent, j\u2019ai souhait\u00e9 devenir ind\u00e9pendante.<\/p>\n<p style=\"text-align: justify;\">Quel que soit votre secteur d\u2019activit\u00e9 et vos probl\u00e8mes administratifs, je peux vous aider gr\u00e2ce \u00e0 mon sens de l\u2019\u00e9coute, mon organisation et ma rigueur dans le travail.<\/p>\n<p style=\"text-align: justify;\">Je souhaite cr\u00e9er avec vous une v\u00e9ritable collaboration bas\u00e9e sur la confiance et vous invite \u00e0 nous rencontrer dans mes bureaux sur Montussan ou dans vos locaux.<\/p>\n<p style=\"text-align: justify;\">Depuis cette ann\u00e9e (2026) je propose aux Organismes de Formation une solution sur-mesure d&rsquo;accompagnement administratif dans le respect du cadre Qualiopi.<\/p>\n<p style=\"text-align: justify;\">Je suis \u00e9galement la vice-pr\u00e9sidente du Club d&rsquo;Entreprises de la Rive Droite le Club 2RE <a href=\"https:\/\/www.club2re.org\/\">https:\/\/www.club2re.org\/<\/a><\/p>\n<p style=\"text-align: justify;\">\n<p style=\"text-align: justify;\">Quelques unes de mes r\u00e9f\u00e9rences\/clients :<\/p>\n<p><a href=\"https:\/\/www.lestotemsdusavoir.fr\/\">https:\/\/www.lestotemsdusavoir.fr\/<\/a><\/p>\n<p><a href=\"https:\/\/www.groupe-2v-services.com\/\">https:\/\/www.groupe-2v-services.com\/<\/a><\/p>\n<p><a href=\"https:\/\/www.wonderanim.fr\/\">https:\/\/www.wonderanim.fr\/<\/a><\/p>\n<p><a href=\"https:\/\/artediprod.com\/\">https:\/\/artediprod.com\/<\/a><\/p>\n<p style=\"text-align: justify;\">\n<p>[\/et_pb_blurb][\/et_pb_column][\/et_pb_row][et_pb_row _builder_version=\u00a0\u00bb4.23.4&Prime; _module_preset=\u00a0\u00bbdefault\u00a0\u00bb global_colors_info=\u00a0\u00bb{}\u00a0\u00bb][et_pb_column type=\u00a0\u00bb4_4&Prime; _builder_version=\u00a0\u00bb4.23.4&Prime; _module_preset=\u00a0\u00bbdefault\u00a0\u00bb global_colors_info=\u00a0\u00bb{}\u00a0\u00bb][et_pb_image src=\u00a0\u00bbhttps:\/\/laurencevotreassistante.fr\/wp-content\/uploads\/2024\/01\/LN_013.jpg\u00a0\u00bb title_text=\u00a0\u00bbLaurence\u00a0\u00bb _builder_version=\u00a0\u00bb4.23.4&Prime; _module_preset=\u00a0\u00bbdefault\u00a0\u00bb global_colors_info=\u00a0\u00bb{}\u00a0\u00bb][\/et_pb_image][\/et_pb_column][\/et_pb_row][\/et_pb_section]<\/p>\n","protected":false},"excerpt":{"rendered":"<p>MON PROFILApr\u00e8s 33 ans d\u2019exp\u00e9rience comme assistante et secr\u00e9taire, dont 15 ans dans un organisme de formation et 18 ans dans le b\u00e2timent, j\u2019ai souhait\u00e9 devenir ind\u00e9pendante. Quel que soit votre secteur d\u2019activit\u00e9 et vos probl\u00e8mes administratifs, je peux vous aider gr\u00e2ce \u00e0 mon sens de l\u2019\u00e9coute, mon organisation et ma rigueur dans le travail. [&hellip;]<\/p>\n","protected":false},"author":2,"featured_media":0,"parent":0,"menu_order":0,"comment_status":"closed","ping_status":"closed","template":"","meta":{"_et_pb_use_builder":"on","_et_pb_old_content":"","_et_gb_content_width":"","footnotes":""},"class_list":["post-83","page","type-page","status-publish","hentry"],"_links":{"self":[{"href":"https:\/\/laurencevotreassistante.fr\/index.php\/wp-json\/wp\/v2\/pages\/83","targetHints":{"allow":["GET"]}}],"collection":[{"href":"https:\/\/laurencevotreassistante.fr\/index.php\/wp-json\/wp\/v2\/pages"}],"about":[{"href":"https:\/\/laurencevotreassistante.fr\/index.php\/wp-json\/wp\/v2\/types\/page"}],"author":[{"embeddable":true,"href":"https:\/\/laurencevotreassistante.fr\/index.php\/wp-json\/wp\/v2\/users\/2"}],"replies":[{"embeddable":true,"href":"https:\/\/laurencevotreassistante.fr\/index.php\/wp-json\/wp\/v2\/comments?post=83"}],"version-history":[{"count":14,"href":"https:\/\/laurencevotreassistante.fr\/index.php\/wp-json\/wp\/v2\/pages\/83\/revisions"}],"predecessor-version":[{"id":234,"href":"https:\/\/laurencevotreassistante.fr\/index.php\/wp-json\/wp\/v2\/pages\/83\/revisions\/234"}],"wp:attachment":[{"href":"https:\/\/laurencevotreassistante.fr\/index.php\/wp-json\/wp\/v2\/media?parent=83"}],"curies":[{"name":"wp","href":"https:\/\/api.w.org\/{rel}","templated":true}]}}